{"id":2336,"date":"2024-11-26T10:38:51","date_gmt":"2024-11-26T10:38:51","guid":{"rendered":"https:\/\/sensaratech.com\/monitors\/"},"modified":"2025-01-07T12:38:25","modified_gmt":"2025-01-07T12:38:25","slug":"monitors","status":"publish","type":"page","link":"https:\/\/sensaratech.com\/en\/monitors\/","title":{"rendered":"Monitors"},"content":{"rendered":"\t\t<div data-elementor-type=\"wp-page\" data-elementor-id=\"2336\" class=\"elementor elementor-2336 elementor-1078\" data-elementor-post-type=\"page\">\n\t\t\t\t\t\t<section class=\"elementor-section elementor-top-section elementor-element elementor-element-7a8c7b5 elementor-section-height-min-height elementor-section-boxed elementor-section-height-default elementor-section-items-middle\" data-id=\"7a8c7b5\" data-element_type=\"section\" data-settings=\"{&quot;background_background&quot;:&quot;video&quot;,&quot;background_video_link&quot;:&quot;https:\\\/\\\/www.youtube.com\\\/watch?v=Tmh91KMvVDk&quot;,&quot;background_play_on_mobile&quot;:&quot;yes&quot;}\">\n\t\t\t\t\t\t\t\t<div class=\"elementor-background-video-container\" aria-hidden=\"true\">\n\t\t\t\t\t\t\t\t\t\t\t\t\t<div class=\"elementor-background-video-embed\"><\/div>\n\t\t\t\t\t\t\t\t\t\t\t\t<\/div>\n\t\t\t\t\t\t\t\t\t<div class=\"elementor-background-overlay\"><\/div>\n\t\t\t\t\t\t\t<div class=\"elementor-container elementor-column-gap-default\">\n\t\t\t\t\t<div class=\"elementor-column elementor-col-50 elementor-top-column elementor-element elementor-element-c454765\" data-id=\"c454765\" data-element_type=\"column\">\n\t\t\t<div class=\"elementor-widget-wrap elementor-element-populated\">\n\t\t\t\t\t\t<div class=\"elementor-element elementor-element-16c9815 elementor-align-left elementor-mobile-align-center elementor-widget elementor-widget-breadcrumbs\" data-id=\"16c9815\" data-element_type=\"widget\" data-widget_type=\"breadcrumbs.default\">\n\t\t\t\t<div class=\"elementor-widget-container\">\n\t\t\t\t\t<nav id=\"breadcrumbs\"><span><span><a href=\"https:\/\/sensaratech.com\/en\/\">Home<\/a><\/span><\/span><\/nav>\t\t\t\t<\/div>\n\t\t\t\t<\/div>\n\t\t\t\t<div class=\"elementor-element elementor-element-7692a94 elementor-widget__width-initial elementor-widget-mobile__width-inherit elementor-widget elementor-widget-heading\" data-id=\"7692a94\" data-element_type=\"widget\" data-widget_type=\"heading.default\">\n\t\t\t\t<div class=\"elementor-widget-container\">\n\t\t\t\t\t<h1 class=\"elementor-heading-title elementor-size-default\">Meet our Monitors<\/h1>\t\t\t\t<\/div>\n\t\t\t\t<\/div>\n\t\t\t\t<div class=\"elementor-element elementor-element-e343630 elementor-widget__width-initial elementor-widget-mobile__width-inherit elementor-widget elementor-widget-text-editor\" data-id=\"e343630\" data-element_type=\"widget\" data-widget_type=\"text-editor.default\">\n\t\t\t\t<div class=\"elementor-widget-container\">\n\t\t\t\t\t\t\t\t\t<p><strong> Real-Time<\/strong> Process Control and Optimization<\/p>\n\t\t\t\t\t\t\t\t<\/div>\n\t\t\t\t<\/div>\n\t\t\t\t\t<\/div>\n\t\t<\/div>\n\t\t\t\t<div class=\"elementor-column elementor-col-50 elementor-top-column elementor-element elementor-element-3b44875\" data-id=\"3b44875\" data-element_type=\"column\">\n\t\t\t<div class=\"elementor-widget-wrap elementor-element-populated\">\n\t\t\t\t\t\t<div class=\"elementor-element elementor-element-31b471d rombo elementor-widget-mobile__width-initial elementor-arrows-position-inside elementor-widget elementor-widget-image-carousel\" data-id=\"31b471d\" data-element_type=\"widget\" data-settings=\"{&quot;slides_to_show&quot;:&quot;1&quot;,&quot;navigation&quot;:&quot;arrows&quot;,&quot;infinite&quot;:&quot;yes&quot;,&quot;effect&quot;:&quot;slide&quot;,&quot;speed&quot;:500}\" data-widget_type=\"image-carousel.default\">\n\t\t\t\t<div class=\"elementor-widget-container\">\n\t\t\t\t\t\t\t<div class=\"elementor-image-carousel-wrapper swiper\" role=\"region\" aria-roledescription=\"carousel\" aria-label=\"Image Carousel\" dir=\"ltr\">\n\t\t\t<div class=\"elementor-image-carousel swiper-wrapper\" aria-live=\"polite\">\n\t\t\t\t\t\t\t\t<div class=\"swiper-slide\" role=\"group\" aria-roledescription=\"slide\" aria-label=\"1 of 1\"><figure class=\"swiper-slide-inner\"><img decoding=\"async\" class=\"swiper-slide-image\" src=\"https:\/\/sensaratech.com\/wp-content\/uploads\/2024\/12\/controlador-mcc-.jpg\" alt=\"Sensara - Soluciones integrales para mejorar el rendimiento de plantas de tratamiento de aguas\" \/><\/figure><\/div>\t\t\t<\/div>\n\t\t\t\t\t<\/div>\n\t\t\t\t\t\t<\/div>\n\t\t\t\t<\/div>\n\t\t\t\t\t<\/div>\n\t\t<\/div>\n\t\t\t\t\t<\/div>\n\t\t<\/section>\n\t\t\t\t<section class=\"elementor-section elementor-top-section elementor-element elementor-element-3717850 elementor-section-full_width elementor-section-height-default elementor-section-height-default\" data-id=\"3717850\" data-element_type=\"section\">\n\t\t\t\t\t\t<div class=\"elementor-container elementor-column-gap-default\">\n\t\t\t\t\t<div class=\"elementor-column elementor-col-100 elementor-top-column elementor-element elementor-element-6df6f5b\" data-id=\"6df6f5b\" data-element_type=\"column\">\n\t\t\t<div class=\"elementor-widget-wrap elementor-element-populated\">\n\t\t\t\t\t\t<div class=\"elementor-element elementor-element-0d6770a elementor-widget-mobile__width-inherit elementor-widget elementor-widget-heading\" data-id=\"0d6770a\" data-element_type=\"widget\" data-widget_type=\"heading.default\">\n\t\t\t\t<div class=\"elementor-widget-container\">\n\t\t\t\t\t<span class=\"elementor-heading-title elementor-size-default\">Accurate Measurement and Real-Time Control<\/span>\t\t\t\t<\/div>\n\t\t\t\t<\/div>\n\t\t\t\t<div class=\"elementor-element elementor-element-40e2b44 elementor-widget-mobile__width-inherit elementor-widget elementor-widget-heading\" data-id=\"40e2b44\" data-element_type=\"widget\" data-widget_type=\"heading.default\">\n\t\t\t\t<div class=\"elementor-widget-container\">\n\t\t\t\t\t<h2 class=\"elementor-heading-title elementor-size-default\">Quality Monitors<\/h2>\t\t\t\t<\/div>\n\t\t\t\t<\/div>\n\t\t\t\t<div class=\"elementor-element elementor-element-8768179 elementor-widget__width-initial elementor-widget-mobile__width-inherit elementor-widget elementor-widget-text-editor\" data-id=\"8768179\" data-element_type=\"widget\" data-widget_type=\"text-editor.default\">\n\t\t\t\t<div class=\"elementor-widget-container\">\n\t\t\t\t\t\t\t\t\t<p>Meet our monitors<\/p>\n\t\t\t\t\t\t\t\t<\/div>\n\t\t\t\t<\/div>\n\t\t\t\t<section class=\"elementor-section elementor-inner-section elementor-element elementor-element-e682f27 elementor-section-boxed elementor-section-height-default elementor-section-height-default\" data-id=\"e682f27\" data-element_type=\"section\">\n\t\t\t\t\t\t<div class=\"elementor-container elementor-column-gap-default\">\n\t\t\t\t\t<div class=\"elementor-column elementor-col-100 elementor-inner-column elementor-element elementor-element-0cb970b\" data-id=\"0cb970b\" data-element_type=\"column\">\n\t\t\t<div class=\"elementor-widget-wrap elementor-element-populated\">\n\t\t\t\t\t\t<div class=\"elementor-element elementor-element-2e87457 elementor-cta--skin-cover elementor-widget__width-initial elementor-cta--valign-top elementor-widget-tablet__width-initial elementor-widget-mobile__width-inherit elementor-animated-content elementor-bg-transform elementor-bg-transform-zoom-in elementor-widget elementor-widget-call-to-action\" data-id=\"2e87457\" data-element_type=\"widget\" data-widget_type=\"call-to-action.default\">\n\t\t\t\t<div class=\"elementor-widget-container\">\n\t\t\t\t\t\t\t<a class=\"elementor-cta\" href=\"https:\/\/sensaratech.com\/en\/monitors\/mcc100-controller\/\">\n\t\t\t\t\t<div class=\"elementor-cta__bg-wrapper\">\n\t\t\t\t<div class=\"elementor-cta__bg elementor-bg\" style=\"background-image: url(https:\/\/sensaratech.com\/wp-content\/uploads\/2024\/11\/mmc100.jpg);\" role=\"img\" aria-label=\"La gama de controladores MCC100 est\u00e1 dise\u00f1ada para poder incorporar 2 sensores con salidas 4-20 mA.\"><\/div>\n\t\t\t\t<div class=\"elementor-cta__bg-overlay\"><\/div>\n\t\t\t<\/div>\n\t\t\t\t\t\t\t<div class=\"elementor-cta__content\">\n\t\t\t\t\n\t\t\t\t\t\t\t\t\t<h2 class=\"elementor-cta__title elementor-cta__content-item elementor-content-item elementor-animated-item--grow\">\n\t\t\t\t\t\tMCC 100\t\t\t\t\t<\/h2>\n\t\t\t\t\n\t\t\t\t\t\t\t\t\t<div class=\"elementor-cta__description elementor-cta__content-item elementor-content-item elementor-animated-item--grow\">\n\t\t\t\t\t\t<p>Monitor for process management with advanced control functionalities.<\/p>\n\t\t\t\t\t<\/div>\n\t\t\t\t\n\t\t\t\t\t\t\t\t\t<div class=\"elementor-cta__button-wrapper elementor-cta__content-item elementor-content-item elementor-animated-item--grow\">\n\t\t\t\t\t<span class=\"elementor-cta__button elementor-button elementor-size-\">\n\t\t\t\t\t\t\u2197\t\t\t\t\t<\/span>\n\t\t\t\t\t<\/div>\n\t\t\t\t\t\t\t<\/div>\n\t\t\t\t\t\t<\/a>\n\t\t\t\t\t\t<\/div>\n\t\t\t\t<\/div>\n\t\t\t\t<div class=\"elementor-element elementor-element-ac06703 elementor-cta--skin-cover elementor-widget__width-initial elementor-cta--valign-top elementor-widget-tablet__width-initial elementor-widget-mobile__width-inherit elementor-animated-content elementor-bg-transform elementor-bg-transform-zoom-in elementor-widget elementor-widget-call-to-action\" data-id=\"ac06703\" data-element_type=\"widget\" data-widget_type=\"call-to-action.default\">\n\t\t\t\t<div class=\"elementor-widget-container\">\n\t\t\t\t\t\t\t<a class=\"elementor-cta\" href=\"https:\/\/sensaratech.com\/en\/monitors\/mcc200-a4-controller\/\">\n\t\t\t\t\t<div class=\"elementor-cta__bg-wrapper\">\n\t\t\t\t<div class=\"elementor-cta__bg elementor-bg\" style=\"background-image: url(https:\/\/sensaratech.com\/wp-content\/uploads\/2024\/11\/mcc200.jpg);\" role=\"img\" aria-label=\"Controlador SN_MCC200\nEl controlador MCC200-A4 est\u00e1 especialmente dise\u00f1ado para poder incorporar hasta 4 sensores de forma muy sencilla a trav\u00e9s de un HUB.\"><\/div>\n\t\t\t\t<div class=\"elementor-cta__bg-overlay\"><\/div>\n\t\t\t<\/div>\n\t\t\t\t\t\t\t<div class=\"elementor-cta__content\">\n\t\t\t\t\n\t\t\t\t\t\t\t\t\t<h2 class=\"elementor-cta__title elementor-cta__content-item elementor-content-item elementor-animated-item--grow\">\n\t\t\t\t\t\tMCC 200 A4\t\t\t\t\t<\/h2>\n\t\t\t\t\n\t\t\t\t\t\t\t\t\t<div class=\"elementor-cta__description elementor-cta__content-item elementor-content-item elementor-animated-item--grow\">\n\t\t\t\t\t\t<p>High capacity monitor for continuous and real time control of up to 4 sensors.<\/p>\n\t\t\t\t\t<\/div>\n\t\t\t\t\n\t\t\t\t\t\t\t\t\t<div class=\"elementor-cta__button-wrapper elementor-cta__content-item elementor-content-item elementor-animated-item--grow\">\n\t\t\t\t\t<span class=\"elementor-cta__button elementor-button elementor-size-\">\n\t\t\t\t\t\t\u2197\t\t\t\t\t<\/span>\n\t\t\t\t\t<\/div>\n\t\t\t\t\t\t\t<\/div>\n\t\t\t\t\t\t<\/a>\n\t\t\t\t\t\t<\/div>\n\t\t\t\t<\/div>\n\t\t\t\t\t<\/div>\n\t\t<\/div>\n\t\t\t\t\t<\/div>\n\t\t<\/section>\n\t\t\t\t\t<\/div>\n\t\t<\/div>\n\t\t\t\t\t<\/div>\n\t\t<\/section>\n\t\t\t\t<\/div>\n\t\t","protected":false},"excerpt":{"rendered":"<p>Meet our Monitors Real-Time Process Control and Optimization Accurate Measurement and Real-Time Control Quality Monitors Meet our monitors MCC 100 Monitor for process management with advanced control functionalities. \u2197 MCC 200 A4 High capacity monitor for continuous and real time control of up to 4 sensors. \u2197<\/p>\n","protected":false},"author":1,"featured_media":0,"parent":0,"menu_order":0,"comment_status":"closed","ping_status":"closed","template":"elementor_header_footer","meta":{"site-sidebar-layout":"no-sidebar","site-content-layout":"page-builder","ast-site-content-layout":"full-width-container","site-content-style":"default","site-sidebar-style":"default","ast-global-header-display":"","ast-banner-title-visibility":"","ast-main-header-display":"","ast-hfb-above-header-display":"","ast-hfb-below-header-display":"","ast-hfb-mobile-header-display":"","site-post-title":"disabled","ast-breadcrumbs-content":"","ast-featured-img":"disabled","footer-sml-layout":"","ast-disable-related-posts":"","theme-transparent-header-meta":"default","adv-header-id-meta":"","stick-header-meta":"default","header-above-stick-meta":"","header-main-stick-meta":"","header-below-stick-meta":"","astra-migrate-meta-layouts":"default","ast-page-background-enabled":"default","ast-page-background-meta":{"desktop":{"background-color":"var(--ast-global-color-4)","background-image":"","background-repeat":"repeat","background-position":"center center","background-size":"auto","background-attachment":"scroll","background-type":"","background-media":"","overlay-type":"","overlay-color":"","overlay-opacity":"","overlay-gradient":""},"tablet":{"background-color":"","background-image":"","background-repeat":"repeat","background-position":"center center","background-size":"auto","background-attachment":"scroll","background-type":"","background-media":"","overlay-type":"","overlay-color":"","overlay-opacity":"","overlay-gradient":""},"mobile":{"background-color":"","background-image":"","background-repeat":"repeat","background-position":"center center","background-size":"auto","background-attachment":"scroll","background-type":"","background-media":"","overlay-type":"","overlay-color":"","overlay-opacity":"","overlay-gradient":""}},"ast-content-background-meta":{"desktop":{"background-color":"var(--ast-global-color-5)","background-image":"","background-repeat":"repeat","background-position":"center center","background-size":"auto","background-attachment":"scroll","background-type":"","background-media":"","overlay-type":"","overlay-color":"","overlay-opacity":"","overlay-gradient":""},"tablet":{"background-color":"var(--ast-global-color-5)","background-image":"","background-repeat":"repeat","background-position":"center center","background-size":"auto","background-attachment":"scroll","background-type":"","background-media":"","overlay-type":"","overlay-color":"","overlay-opacity":"","overlay-gradient":""},"mobile":{"background-color":"var(--ast-global-color-5)","background-image":"","background-repeat":"repeat","background-position":"center center","background-size":"auto","background-attachment":"scroll","background-type":"","background-media":"","overlay-type":"","overlay-color":"","overlay-opacity":"","overlay-gradient":""}},"footnotes":""},"class_list":["post-2336","page","type-page","status-publish","hentry"],"yoast_head":"<!-- This site is optimized with the Yoast SEO plugin v26.6 - https:\/\/yoast.com\/wordpress\/plugins\/seo\/ -->\n<title>Monitors | Sensara<\/title>\n<meta name=\"robots\" content=\"index, follow, max-snippet:-1, max-image-preview:large, max-video-preview:-1\" \/>\n<link rel=\"canonical\" href=\"https:\/\/sensaratech.com\/en\/monitors\/\" \/>\n<meta property=\"og:locale\" content=\"en_US\" \/>\n<meta property=\"og:type\" content=\"article\" \/>\n<meta property=\"og:title\" content=\"Monitors | Sensara\" \/>\n<meta property=\"og:description\" content=\"Meet our Monitors Real-Time Process Control and Optimization Accurate Measurement and Real-Time Control Quality Monitors Meet our monitors MCC 100 Monitor for process management with advanced control functionalities. \u2197 MCC 200 A4 High capacity monitor for continuous and real time control of up to 4 sensors. \u2197\" \/>\n<meta property=\"og:url\" content=\"https:\/\/sensaratech.com\/en\/monitors\/\" \/>\n<meta property=\"og:site_name\" content=\"Sensara\" \/>\n<meta property=\"article:modified_time\" content=\"2025-01-07T12:38:25+00:00\" \/>\n<meta property=\"og:image\" content=\"https:\/\/sensaratech.com\/wp-content\/uploads\/2024\/12\/controlador-mcc-.jpg\" \/>\n<meta name=\"twitter:card\" content=\"summary_large_image\" \/>\n<script type=\"application\/ld+json\" class=\"yoast-schema-graph\">{\"@context\":\"https:\/\/schema.org\",\"@graph\":[{\"@type\":\"WebPage\",\"@id\":\"https:\/\/sensaratech.com\/en\/monitors\/\",\"url\":\"https:\/\/sensaratech.com\/en\/monitors\/\",\"name\":\"Monitors | Sensara\",\"isPartOf\":{\"@id\":\"https:\/\/sensaratech.com\/en\/#website\"},\"primaryImageOfPage\":{\"@id\":\"https:\/\/sensaratech.com\/en\/monitors\/#primaryimage\"},\"image\":{\"@id\":\"https:\/\/sensaratech.com\/en\/monitors\/#primaryimage\"},\"thumbnailUrl\":\"https:\/\/sensaratech.com\/wp-content\/uploads\/2024\/12\/controlador-mcc-.jpg\",\"datePublished\":\"2024-11-26T10:38:51+00:00\",\"dateModified\":\"2025-01-07T12:38:25+00:00\",\"breadcrumb\":{\"@id\":\"https:\/\/sensaratech.com\/en\/monitors\/#breadcrumb\"},\"inLanguage\":\"en-US\",\"potentialAction\":[{\"@type\":\"ReadAction\",\"target\":[\"https:\/\/sensaratech.com\/en\/monitors\/\"]}]},{\"@type\":\"ImageObject\",\"inLanguage\":\"en-US\",\"@id\":\"https:\/\/sensaratech.com\/en\/monitors\/#primaryimage\",\"url\":\"https:\/\/sensaratech.com\/wp-content\/uploads\/2024\/12\/controlador-mcc-.jpg\",\"contentUrl\":\"https:\/\/sensaratech.com\/wp-content\/uploads\/2024\/12\/controlador-mcc-.jpg\"},{\"@type\":\"BreadcrumbList\",\"@id\":\"https:\/\/sensaratech.com\/en\/monitors\/#breadcrumb\",\"itemListElement\":[{\"@type\":\"ListItem\",\"position\":1,\"name\":\"Home\",\"item\":\"https:\/\/sensaratech.com\/en\/\"},{\"@type\":\"ListItem\",\"position\":2,\"name\":\"Monitors\"}]},{\"@type\":\"WebSite\",\"@id\":\"https:\/\/sensaratech.com\/en\/#website\",\"url\":\"https:\/\/sensaratech.com\/en\/\",\"name\":\"Sensara\",\"description\":\"Sensara | Optimizaci\u00f3n inteligente de tratamiento de aguas.\",\"publisher\":{\"@id\":\"https:\/\/sensaratech.com\/en\/#organization\"},\"alternateName\":\"Sensara | Tecnolog\u00eda Avanzada para el Tratamiento de Aguas Residuales\",\"potentialAction\":[{\"@type\":\"SearchAction\",\"target\":{\"@type\":\"EntryPoint\",\"urlTemplate\":\"https:\/\/sensaratech.com\/en\/?s={search_term_string}\"},\"query-input\":{\"@type\":\"PropertyValueSpecification\",\"valueRequired\":true,\"valueName\":\"search_term_string\"}}],\"inLanguage\":\"en-US\"},{\"@type\":\"Organization\",\"@id\":\"https:\/\/sensaratech.com\/en\/#organization\",\"name\":\"Sensara - Tecnolog\u00eda Avanzada para el Tratamiento de Aguas Residuales\",\"alternateName\":\"Sensara | Optimizaci\u00f3n inteligente de tratamiento de aguas.\",\"url\":\"https:\/\/sensaratech.com\/en\/\",\"logo\":{\"@type\":\"ImageObject\",\"inLanguage\":\"en-US\",\"@id\":\"https:\/\/sensaratech.com\/en\/#\/schema\/logo\/image\/\",\"url\":\"https:\/\/sensaratech.com\/wp-content\/uploads\/2024\/10\/cropped-sensara-logo.png\",\"contentUrl\":\"https:\/\/sensaratech.com\/wp-content\/uploads\/2024\/10\/cropped-sensara-logo.png\",\"width\":1050,\"height\":832,\"caption\":\"Sensara - Tecnolog\u00eda Avanzada para el Tratamiento de Aguas Residuales\"},\"image\":{\"@id\":\"https:\/\/sensaratech.com\/en\/#\/schema\/logo\/image\/\"}}]}<\/script>\n<!-- \/ Yoast SEO plugin. -->","yoast_head_json":{"title":"Monitors | Sensara","robots":{"index":"index","follow":"follow","max-snippet":"max-snippet:-1","max-image-preview":"max-image-preview:large","max-video-preview":"max-video-preview:-1"},"canonical":"https:\/\/sensaratech.com\/en\/monitors\/","og_locale":"en_US","og_type":"article","og_title":"Monitors | Sensara","og_description":"Meet our Monitors Real-Time Process Control and Optimization Accurate Measurement and Real-Time Control Quality Monitors Meet our monitors MCC 100 Monitor for process management with advanced control functionalities. \u2197 MCC 200 A4 High capacity monitor for continuous and real time control of up to 4 sensors. \u2197","og_url":"https:\/\/sensaratech.com\/en\/monitors\/","og_site_name":"Sensara","article_modified_time":"2025-01-07T12:38:25+00:00","og_image":[{"url":"https:\/\/sensaratech.com\/wp-content\/uploads\/2024\/12\/controlador-mcc-.jpg","type":"","width":"","height":""}],"twitter_card":"summary_large_image","schema":{"@context":"https:\/\/schema.org","@graph":[{"@type":"WebPage","@id":"https:\/\/sensaratech.com\/en\/monitors\/","url":"https:\/\/sensaratech.com\/en\/monitors\/","name":"Monitors | Sensara","isPartOf":{"@id":"https:\/\/sensaratech.com\/en\/#website"},"primaryImageOfPage":{"@id":"https:\/\/sensaratech.com\/en\/monitors\/#primaryimage"},"image":{"@id":"https:\/\/sensaratech.com\/en\/monitors\/#primaryimage"},"thumbnailUrl":"https:\/\/sensaratech.com\/wp-content\/uploads\/2024\/12\/controlador-mcc-.jpg","datePublished":"2024-11-26T10:38:51+00:00","dateModified":"2025-01-07T12:38:25+00:00","breadcrumb":{"@id":"https:\/\/sensaratech.com\/en\/monitors\/#breadcrumb"},"inLanguage":"en-US","potentialAction":[{"@type":"ReadAction","target":["https:\/\/sensaratech.com\/en\/monitors\/"]}]},{"@type":"ImageObject","inLanguage":"en-US","@id":"https:\/\/sensaratech.com\/en\/monitors\/#primaryimage","url":"https:\/\/sensaratech.com\/wp-content\/uploads\/2024\/12\/controlador-mcc-.jpg","contentUrl":"https:\/\/sensaratech.com\/wp-content\/uploads\/2024\/12\/controlador-mcc-.jpg"},{"@type":"BreadcrumbList","@id":"https:\/\/sensaratech.com\/en\/monitors\/#breadcrumb","itemListElement":[{"@type":"ListItem","position":1,"name":"Home","item":"https:\/\/sensaratech.com\/en\/"},{"@type":"ListItem","position":2,"name":"Monitors"}]},{"@type":"WebSite","@id":"https:\/\/sensaratech.com\/en\/#website","url":"https:\/\/sensaratech.com\/en\/","name":"Sensara","description":"Sensara | Optimizaci\u00f3n inteligente de tratamiento de aguas.","publisher":{"@id":"https:\/\/sensaratech.com\/en\/#organization"},"alternateName":"Sensara | Tecnolog\u00eda Avanzada para el Tratamiento de Aguas Residuales","potentialAction":[{"@type":"SearchAction","target":{"@type":"EntryPoint","urlTemplate":"https:\/\/sensaratech.com\/en\/?s={search_term_string}"},"query-input":{"@type":"PropertyValueSpecification","valueRequired":true,"valueName":"search_term_string"}}],"inLanguage":"en-US"},{"@type":"Organization","@id":"https:\/\/sensaratech.com\/en\/#organization","name":"Sensara - Tecnolog\u00eda Avanzada para el Tratamiento de Aguas Residuales","alternateName":"Sensara | Optimizaci\u00f3n inteligente de tratamiento de aguas.","url":"https:\/\/sensaratech.com\/en\/","logo":{"@type":"ImageObject","inLanguage":"en-US","@id":"https:\/\/sensaratech.com\/en\/#\/schema\/logo\/image\/","url":"https:\/\/sensaratech.com\/wp-content\/uploads\/2024\/10\/cropped-sensara-logo.png","contentUrl":"https:\/\/sensaratech.com\/wp-content\/uploads\/2024\/10\/cropped-sensara-logo.png","width":1050,"height":832,"caption":"Sensara - Tecnolog\u00eda Avanzada para el Tratamiento de Aguas Residuales"},"image":{"@id":"https:\/\/sensaratech.com\/en\/#\/schema\/logo\/image\/"}}]}},"_links":{"self":[{"href":"https:\/\/sensaratech.com\/en\/wp-json\/wp\/v2\/pages\/2336","targetHints":{"allow":["GET"]}}],"collection":[{"href":"https:\/\/sensaratech.com\/en\/wp-json\/wp\/v2\/pages"}],"about":[{"href":"https:\/\/sensaratech.com\/en\/wp-json\/wp\/v2\/types\/page"}],"author":[{"embeddable":true,"href":"https:\/\/sensaratech.com\/en\/wp-json\/wp\/v2\/users\/1"}],"replies":[{"embeddable":true,"href":"https:\/\/sensaratech.com\/en\/wp-json\/wp\/v2\/comments?post=2336"}],"version-history":[{"count":2,"href":"https:\/\/sensaratech.com\/en\/wp-json\/wp\/v2\/pages\/2336\/revisions"}],"predecessor-version":[{"id":2346,"href":"https:\/\/sensaratech.com\/en\/wp-json\/wp\/v2\/pages\/2336\/revisions\/2346"}],"wp:attachment":[{"href":"https:\/\/sensaratech.com\/en\/wp-json\/wp\/v2\/media?parent=2336"}],"curies":[{"name":"wp","href":"https:\/\/api.w.org\/{rel}","templated":true}]}}